{"id":13,"date":"2025-11-20T18:51:09","date_gmt":"2025-11-20T17:51:09","guid":{"rendered":"https:\/\/www.andp-cci.org\/?page_id=13"},"modified":"2026-04-22T17:23:55","modified_gmt":"2026-04-22T16:23:55","slug":"le-nouveau-e-mucem-ouvre-ses-portes-2","status":"publish","type":"page","link":"https:\/\/www.andp-cci.org\/","title":{"rendered":"Site de l\u2019Association Nationale de D\u00e9fense des Porteurs de CCI du Cr\u00e9dit Agricole (ANDP-CCI)."},"content":{"rendered":"\n<div class=\"wp-block-group alignwide\"><div class=\"wp-block-group__inner-container is-layout-flow wp-block-group-is-layout-flow\">\n<h2 class=\"wp-block-heading has-text-align-center\"><\/h2>\n<\/div><\/div>\n\n\n\n<p>L\u2019ANDP-CCI a \u00e9t\u00e9 fond\u00e9e par des porteurs de longue date des CCI \u00e9mis par les 13 Caisses r\u00e9gionales du Cr\u00e9dit Agricole cot\u00e9es en Bourse.<\/p>\n\n\n\n<p><br>Ces derniers ont eu depuis plusieurs ann\u00e9es des contacts\/r\u00e9unions formels ou informels avec des dirigeants de Cr\u00e9dit Agricole SA ou de la FNCA. Leur objectif est de les convaincre qu\u2019une situation dans laquelle les CCI d\u00e9cotent de 75 % par rapport aux capitaux propres comptables, contre 0 % en 2000, r\u00e9sultat de la politique de th\u00e9saurisation de capitaux propres tr\u00e8s largement exc\u00e9dentaires par rapport aux besoins des Caisses r\u00e9gionales, nuit : <br>&#8211; \u00e0 l\u2019image du Groupe Cr\u00e9dit Agricole, <br>&#8211; aux int\u00e9r\u00eats financiers de tous les porteurs de CCI, <br>&#8211; et plus largement \u00e0 l\u2019\u00e9conomie fran\u00e7aise qui se voit ainsi priv\u00e9e de milliards de capitaux propres, transform\u00e9s en placements sur le march\u00e9 mon\u00e9taire.<\/p>\n\n\n\n<p>Cet effort de p\u00e9dagogie financi\u00e8re n\u2019a pas, pour l\u2019instant, d\u00e9livr\u00e9 de corrections \u00e0 une trajectoire se traduisant par des rentabilit\u00e9s des capitaux propres au dernier rang des banques europ\u00e9ennes cot\u00e9es en Bourse (2 \u00e0 3% contre 10 \u00e0 20% en 2025), et \u00e0 des ratios prudentiels (CET1 de 26 %) tr\u00e8s largement au dessus des normes (12 \u00e0 14%), et de ce qui est observ\u00e9 dans les autres groupes mutualistes (17 \u00e0 20 %).<\/p>\n\n\n\n<p class=\"has-background-color has-text-color has-background has-link-color wp-elements-7ac2f12f8df28a0140693fd53b87a2af\" style=\"background:linear-gradient(135deg,rgb(117,179,16) 0%,rgb(51,153,29) 100%)\">L\u2019ANDP-CCI a pour objet :<br>1. de rassembler et repr\u00e9senter les porteurs de Certificats Coop\u00e9ratifs d\u2019Investissement (CCI) \u00e9mis par les Caisses r\u00e9gionales du Cr\u00e9dit Agricole ;<br>2. d\u2019informer ses membres sur les enjeux li\u00e9s \u00e0 la d\u00e9tention directe ou indirecte (notamment via FCPE) de CCI ;<br>3. de d\u00e9fendre les int\u00e9r\u00eats moraux et patrimoniaux des porteurs de CCI aupr\u00e8s de tout interlocuteur public ou priv\u00e9 ;<br>4. de favoriser le dialogue avec les Caisses r\u00e9gionales, les autorit\u00e9s de r\u00e9gulation telles que l\u2019Autorit\u00e9 des march\u00e9s financiers (AMF) ou toute autre institution comp\u00e9tente ;<br>5. de promouvoir la valorisation et la transparence entourant les CCI.<br><\/p>\n\n\n\n<p class=\"has-background-color has-text-color has-background has-link-color wp-elements-1eafdefb530dfeb631c86b4a9b41784e\" style=\"background:linear-gradient(135deg,rgb(117,179,16) 0%,rgb(51,153,29) 100%)\">Pour tout contact : <a href=\"mailto:quiry@andp-cci.org\">quiry@andp-cci.org<\/a><\/p>\n\n\n\n<p>Pour adh\u00e9rer \u00e0 l\u2019Association Nationale de D\u00e9fense des Porteurs de CCI Cr\u00e9dit Agricole<\/p>\n\n\n\n<p>Rendez-vous sur le site helloasso&nbsp;qui g\u00e8re pour nous le processus d\u2019adh\u00e9sion<\/p>\n\n\n\n<iframe id=\"haWidgetButton\" allowtransparency=\"true\" src=\"https:\/\/www.helloasso.com\/associations\/association-nationale-de-defense-des-porteurs-de-cci-du-credit-agricole-andp-cci\/adhesions\/formulaire-d-adhesion\/widget-bouton\" style=\"width: 100%; height: 70px; border: none;\">Helloasso.com<\/iframe>\n","protected":false},"excerpt":{"rendered":"<p>L\u2019ANDP-CCI a \u00e9t\u00e9 fond\u00e9e par des porteurs de longue date des CCI \u00e9mis par les 13 Caisses r\u00e9gionales du Cr\u00e9dit Agricole cot\u00e9es en Bourse. Ces derniers ont eu depuis plusieurs ann\u00e9es des contacts\/r\u00e9unions formels ou informels avec des dirigeants de Cr\u00e9dit Agricole SA ou de la FNCA. Leur objectif est de les convaincre qu\u2019une situation [&hellip;]<\/p>\n","protected":false},"author":1,"featured_media":0,"parent":0,"menu_order":0,"comment_status":"closed","ping_status":"closed","template":"templates\/template-full-width.php","meta":{"footnotes":""},"class_list":["post-13","page","type-page","status-publish","hentry"],"yoast_head":"<!-- This site is optimized with the Yoast SEO plugin v27.4 - https:\/\/yoast.com\/product\/yoast-seo-wordpress\/ -->\n<title>Site de l\u2019Association Nationale de D\u00e9fense des Porteurs de CCI du Cr\u00e9dit Agricole (ANDP-CCI). - Site de l\u2019Association Nationale de D\u00e9fense des Porteurs de CCI du Cr\u00e9dit Agricole (ANDP-CCI)<\/title>\n<meta name=\"robots\" content=\"index, follow, max-snippet:-1, max-image-preview:large, max-video-preview:-1\" \/>\n<link rel=\"canonical\" href=\"https:\/\/www.andp-cci.org\/\" \/>\n<meta property=\"og:locale\" content=\"fr_FR\" \/>\n<meta property=\"og:type\" content=\"article\" \/>\n<meta property=\"og:title\" content=\"Site de l\u2019Association Nationale de D\u00e9fense des Porteurs de CCI du Cr\u00e9dit Agricole (ANDP-CCI). - Site de l\u2019Association Nationale de D\u00e9fense des Porteurs de CCI du Cr\u00e9dit Agricole (ANDP-CCI)\" \/>\n<meta property=\"og:description\" content=\"L\u2019ANDP-CCI a \u00e9t\u00e9 fond\u00e9e par des porteurs de longue date des CCI \u00e9mis par les 13 Caisses r\u00e9gionales du Cr\u00e9dit Agricole cot\u00e9es en Bourse. Ces derniers ont eu depuis plusieurs ann\u00e9es des contacts\/r\u00e9unions formels ou informels avec des dirigeants de Cr\u00e9dit Agricole SA ou de la FNCA. Leur objectif est de les convaincre qu\u2019une situation [&hellip;]\" \/>\n<meta property=\"og:url\" content=\"https:\/\/www.andp-cci.org\/\" \/>\n<meta property=\"og:site_name\" content=\"Site de l\u2019Association Nationale de D\u00e9fense des Porteurs de CCI du Cr\u00e9dit Agricole (ANDP-CCI)\" \/>\n<meta property=\"article:modified_time\" content=\"2026-04-22T16:23:55+00:00\" \/>\n<meta name=\"twitter:card\" content=\"summary_large_image\" \/>\n<meta name=\"twitter:label1\" content=\"Dur\u00e9e de lecture estim\u00e9e\" \/>\n\t<meta name=\"twitter:data1\" content=\"2 minutes\" \/>\n<script type=\"application\/ld+json\" class=\"yoast-schema-graph\">{\"@context\":\"https:\\\/\\\/schema.org\",\"@graph\":[{\"@type\":\"WebPage\",\"@id\":\"https:\\\/\\\/www.andp-cci.org\\\/\",\"url\":\"https:\\\/\\\/www.andp-cci.org\\\/\",\"name\":\"Site de l\u2019Association Nationale de D\u00e9fense des Porteurs de CCI du Cr\u00e9dit Agricole (ANDP-CCI). - Site de l\u2019Association Nationale de D\u00e9fense des Porteurs de CCI du Cr\u00e9dit Agricole (ANDP-CCI)\",\"isPartOf\":{\"@id\":\"https:\\\/\\\/www.andp-cci.org\\\/#website\"},\"datePublished\":\"2025-11-20T17:51:09+00:00\",\"dateModified\":\"2026-04-22T16:23:55+00:00\",\"breadcrumb\":{\"@id\":\"https:\\\/\\\/www.andp-cci.org\\\/#breadcrumb\"},\"inLanguage\":\"fr-FR\",\"potentialAction\":[{\"@type\":\"ReadAction\",\"target\":[\"https:\\\/\\\/www.andp-cci.org\\\/\"]}]},{\"@type\":\"BreadcrumbList\",\"@id\":\"https:\\\/\\\/www.andp-cci.org\\\/#breadcrumb\",\"itemListElement\":[{\"@type\":\"ListItem\",\"position\":1,\"name\":\"Accueil\",\"item\":\"https:\\\/\\\/www.andp-cci.org\\\/\"},{\"@type\":\"ListItem\",\"position\":2,\"name\":\"Site de l\u2019Association Nationale de D\u00e9fense des Porteurs de CCI du Cr\u00e9dit Agricole (ANDP-CCI).\"}]},{\"@type\":\"WebSite\",\"@id\":\"https:\\\/\\\/www.andp-cci.org\\\/#website\",\"url\":\"https:\\\/\\\/www.andp-cci.org\\\/\",\"name\":\"Site de l\u2019Association Nationale de D\u00e9fense des Porteurs de CCI du Cr\u00e9dit Agricole (ANDP-CCI)\",\"description\":\"\",\"potentialAction\":[{\"@type\":\"SearchAction\",\"target\":{\"@type\":\"EntryPoint\",\"urlTemplate\":\"https:\\\/\\\/www.andp-cci.org\\\/?s={search_term_string}\"},\"query-input\":{\"@type\":\"PropertyValueSpecification\",\"valueRequired\":true,\"valueName\":\"search_term_string\"}}],\"inLanguage\":\"fr-FR\"}]}<\/script>\n<!-- \/ Yoast SEO plugin. -->","yoast_head_json":{"title":"Site de l\u2019Association Nationale de D\u00e9fense des Porteurs de CCI du Cr\u00e9dit Agricole (ANDP-CCI). - Site de l\u2019Association Nationale de D\u00e9fense des Porteurs de CCI du Cr\u00e9dit Agricole (ANDP-CCI)","robots":{"index":"index","follow":"follow","max-snippet":"max-snippet:-1","max-image-preview":"max-image-preview:large","max-video-preview":"max-video-preview:-1"},"canonical":"https:\/\/www.andp-cci.org\/","og_locale":"fr_FR","og_type":"article","og_title":"Site de l\u2019Association Nationale de D\u00e9fense des Porteurs de CCI du Cr\u00e9dit Agricole (ANDP-CCI). - Site de l\u2019Association Nationale de D\u00e9fense des Porteurs de CCI du Cr\u00e9dit Agricole (ANDP-CCI)","og_description":"L\u2019ANDP-CCI a \u00e9t\u00e9 fond\u00e9e par des porteurs de longue date des CCI \u00e9mis par les 13 Caisses r\u00e9gionales du Cr\u00e9dit Agricole cot\u00e9es en Bourse. Ces derniers ont eu depuis plusieurs ann\u00e9es des contacts\/r\u00e9unions formels ou informels avec des dirigeants de Cr\u00e9dit Agricole SA ou de la FNCA. Leur objectif est de les convaincre qu\u2019une situation [&hellip;]","og_url":"https:\/\/www.andp-cci.org\/","og_site_name":"Site de l\u2019Association Nationale de D\u00e9fense des Porteurs de CCI du Cr\u00e9dit Agricole (ANDP-CCI)","article_modified_time":"2026-04-22T16:23:55+00:00","twitter_card":"summary_large_image","twitter_misc":{"Dur\u00e9e de lecture estim\u00e9e":"2 minutes"},"schema":{"@context":"https:\/\/schema.org","@graph":[{"@type":"WebPage","@id":"https:\/\/www.andp-cci.org\/","url":"https:\/\/www.andp-cci.org\/","name":"Site de l\u2019Association Nationale de D\u00e9fense des Porteurs de CCI du Cr\u00e9dit Agricole (ANDP-CCI). - Site de l\u2019Association Nationale de D\u00e9fense des Porteurs de CCI du Cr\u00e9dit Agricole (ANDP-CCI)","isPartOf":{"@id":"https:\/\/www.andp-cci.org\/#website"},"datePublished":"2025-11-20T17:51:09+00:00","dateModified":"2026-04-22T16:23:55+00:00","breadcrumb":{"@id":"https:\/\/www.andp-cci.org\/#breadcrumb"},"inLanguage":"fr-FR","potentialAction":[{"@type":"ReadAction","target":["https:\/\/www.andp-cci.org\/"]}]},{"@type":"BreadcrumbList","@id":"https:\/\/www.andp-cci.org\/#breadcrumb","itemListElement":[{"@type":"ListItem","position":1,"name":"Accueil","item":"https:\/\/www.andp-cci.org\/"},{"@type":"ListItem","position":2,"name":"Site de l\u2019Association Nationale de D\u00e9fense des Porteurs de CCI du Cr\u00e9dit Agricole (ANDP-CCI)."}]},{"@type":"WebSite","@id":"https:\/\/www.andp-cci.org\/#website","url":"https:\/\/www.andp-cci.org\/","name":"Site de l\u2019Association Nationale de D\u00e9fense des Porteurs de CCI du Cr\u00e9dit Agricole (ANDP-CCI)","description":"","potentialAction":[{"@type":"SearchAction","target":{"@type":"EntryPoint","urlTemplate":"https:\/\/www.andp-cci.org\/?s={search_term_string}"},"query-input":{"@type":"PropertyValueSpecification","valueRequired":true,"valueName":"search_term_string"}}],"inLanguage":"fr-FR"}]}},"_links":{"self":[{"href":"https:\/\/www.andp-cci.org\/index.php\/wp-json\/wp\/v2\/pages\/13","targetHints":{"allow":["GET"]}}],"collection":[{"href":"https:\/\/www.andp-cci.org\/index.php\/wp-json\/wp\/v2\/pages"}],"about":[{"href":"https:\/\/www.andp-cci.org\/index.php\/wp-json\/wp\/v2\/types\/page"}],"author":[{"embeddable":true,"href":"https:\/\/www.andp-cci.org\/index.php\/wp-json\/wp\/v2\/users\/1"}],"replies":[{"embeddable":true,"href":"https:\/\/www.andp-cci.org\/index.php\/wp-json\/wp\/v2\/comments?post=13"}],"version-history":[{"count":10,"href":"https:\/\/www.andp-cci.org\/index.php\/wp-json\/wp\/v2\/pages\/13\/revisions"}],"predecessor-version":[{"id":359,"href":"https:\/\/www.andp-cci.org\/index.php\/wp-json\/wp\/v2\/pages\/13\/revisions\/359"}],"wp:attachment":[{"href":"https:\/\/www.andp-cci.org\/index.php\/wp-json\/wp\/v2\/media?parent=13"}],"curies":[{"name":"wp","href":"https:\/\/api.w.org\/{rel}","templated":true}]}}