{"id":139,"date":"2026-03-14T15:39:45","date_gmt":"2026-03-14T14:39:45","guid":{"rendered":"https:\/\/www.andp-cci.org\/?page_id=139"},"modified":"2026-03-28T19:35:36","modified_gmt":"2026-03-28T18:35:36","slug":"billets-linkedin-de-pascal-quiry","status":"publish","type":"page","link":"https:\/\/www.andp-cci.org\/index.php\/billets-linkedin-de-pascal-quiry\/","title":{"rendered":"Billets LinkedIn de Pascal Quiry"},"content":{"rendered":"\n<p>Chaque semaine, le samedi matin \u00e0 10h Pascal Quiry poste sur sa page LinkedIn des billets qui exposent les raisons de l\u2019anachronisme, de l\u2019injustice et de l\u2019inefficacit\u00e9 des certificats coop\u00e9ratifs des Caisses r\u00e9gionales du Cr\u00e9dit Agricole et les voies d\u2019y rem\u00e9dier.<\/p>\n\n\n<ul class=\"wp-block-latest-posts__list is-grid columns-3 has-dates has-author wp-block-latest-posts\"><li><a class=\"wp-block-latest-posts__post-title\" href=\"https:\/\/www.andp-cci.org\/index.php\/2026\/04\/25\/le-credit-agricole-devrait-tourner-la-page-ep5\/\">Le Cr\u00e9dit Agricole devrait tourner la page [ep5]<\/a><div class=\"wp-block-latest-posts__post-author\">par Pascal Quiry<\/div><time datetime=\"2026-04-25T10:50:07+01:00\" class=\"wp-block-latest-posts__post-date\">25\/04\/2026<\/time><div class=\"wp-block-latest-posts__post-excerpt\">\u00c9pisode 5 Champion de l\u2019ESG \u00e0 Paris, le Cr\u00e9dit Agricole est au dernier rang en province (1\/2) On a vu la semaine pass\u00e9e que les Caisses r\u00e9gionales (CR) du Cr\u00e9dit Agricole se financent gr\u00e2ce \u00e0 des parts sociales, des Certificats Coop\u00e9ratifs d\u2019Associ\u00e9s (CCA) r\u00e9serv\u00e9s aux clients, et des Certificats Coop\u00e9ratifs d\u2019Investissement (CCI) r\u00e9serv\u00e9s aux investisseurs.\u2026 <a class=\"wp-block-latest-posts__read-more\" href=\"https:\/\/www.andp-cci.org\/index.php\/2026\/04\/25\/le-credit-agricole-devrait-tourner-la-page-ep5\/\" rel=\"noopener noreferrer\">Lire la suite<span class=\"screen-reader-text\">\u00a0: Le Cr\u00e9dit Agricole devrait tourner la page [ep5]<\/span><\/a><\/div><\/li>\n<li><a class=\"wp-block-latest-posts__post-title\" href=\"https:\/\/www.andp-cci.org\/index.php\/2026\/04\/18\/le-credit-agricole-devrait-tourner-la-page-4\/\">Le Cr\u00e9dit Agricole devrait tourner la page [ep4]<\/a><div class=\"wp-block-latest-posts__post-author\">par Pascal Quiry<\/div><time datetime=\"2026-04-18T09:32:57+01:00\" class=\"wp-block-latest-posts__post-date\">18\/04\/2026<\/time><div class=\"wp-block-latest-posts__post-excerpt\">\u00c9pisode 4 Comment peut-on \u00eatre mutualiste et cot\u00e9 en Bourse ?\u00a0?\u00a0? On a vu la semaine pass\u00e9e que les 13 Caisses r\u00e9gionales (CR) du Cr\u00e9dit Agricole cot\u00e9es en Bourses d\u00e9tenaient 1,5 fois plus de capitaux propres que leurs cons\u0153urs mutualistes des Banques Populaires, des Caisses d\u2019\u00c9pargne ou du Cr\u00e9dit Mutuel pour un m\u00eame volume de\u2026 <a class=\"wp-block-latest-posts__read-more\" href=\"https:\/\/www.andp-cci.org\/index.php\/2026\/04\/18\/le-credit-agricole-devrait-tourner-la-page-4\/\" rel=\"noopener noreferrer\">Lire la suite<span class=\"screen-reader-text\">\u00a0: Le Cr\u00e9dit Agricole devrait tourner la page [ep4]<\/span><\/a><\/div><\/li>\n<li><a class=\"wp-block-latest-posts__post-title\" href=\"https:\/\/www.andp-cci.org\/index.php\/2026\/04\/11\/le-credit-agricole-devrait-tourner-la-page-3\/\">Le Cr\u00e9dit Agricole devrait tourner la page [ep3]<\/a><div class=\"wp-block-latest-posts__post-author\">par Pascal Quiry<\/div><time datetime=\"2026-04-11T08:38:13+01:00\" class=\"wp-block-latest-posts__post-date\">11\/04\/2026<\/time><div class=\"wp-block-latest-posts__post-excerpt\">\u00c9pisode 3 Capital st\u00e9rilis\u00e9, \u00e9conomie p\u00e9nalis\u00e9e La semaine pass\u00e9e, nous avons vu que les Caisses r\u00e9gionales (CR) du Cr\u00e9dit Agricole cot\u00e9es en Bourse op\u00e8rent avec deux fois plus de capitaux propres que n\u00e9cessaire&nbsp;; et 50 % de plus que leurs homologues mutualistes.&nbsp; Ces capitaux propres exc\u00e9dentaires, au lieu d\u2019\u00eatre rendus aux investisseurs comme les autres\u2026 <a class=\"wp-block-latest-posts__read-more\" href=\"https:\/\/www.andp-cci.org\/index.php\/2026\/04\/11\/le-credit-agricole-devrait-tourner-la-page-3\/\" rel=\"noopener noreferrer\">Lire la suite<span class=\"screen-reader-text\">\u00a0: Le Cr\u00e9dit Agricole devrait tourner la page [ep3]<\/span><\/a><\/div><\/li>\n<li><a class=\"wp-block-latest-posts__post-title\" href=\"https:\/\/www.andp-cci.org\/index.php\/2026\/04\/04\/le-credit-agricole-devrait-tourner-la-page-2\/\">Le Cr\u00e9dit Agricole devrait tourner la page [ep2]<\/a><div class=\"wp-block-latest-posts__post-author\">par Pascal Quiry<\/div><time datetime=\"2026-04-04T15:32:22+01:00\" class=\"wp-block-latest-posts__post-date\">04\/04\/2026<\/time><div class=\"wp-block-latest-posts__post-excerpt\">\u00c9pisode 2 Pourquoi les 13 Caisses r\u00e9gionales cot\u00e9es du Cr\u00e9dit Agricole ont-elles une rentabilit\u00e9 aussi piteuse (3 % en 2025) ? La semaine pass\u00e9e, on a vu que les 13 Caisses r\u00e9gionales (CR) du Cr\u00e9dit Agricole cot\u00e9es en Bourse sont syst\u00e9matiquement dans les 10 % des banques europ\u00e9ennes les moins bien class\u00e9es par leur rentabilit\u00e9\u2026 <a class=\"wp-block-latest-posts__read-more\" href=\"https:\/\/www.andp-cci.org\/index.php\/2026\/04\/04\/le-credit-agricole-devrait-tourner-la-page-2\/\" rel=\"noopener noreferrer\">Lire la suite<span class=\"screen-reader-text\">\u00a0: Le Cr\u00e9dit Agricole devrait tourner la page [ep2]<\/span><\/a><\/div><\/li>\n<li><a class=\"wp-block-latest-posts__post-title\" href=\"https:\/\/www.andp-cci.org\/index.php\/2026\/03\/28\/le-credit-agricole-devrait-tourner-la-page\/\">Le Cr\u00e9dit Agricole devrait tourner la page [ep1]<\/a><div class=\"wp-block-latest-posts__post-author\">par Pascal Quiry<\/div><time datetime=\"2026-03-28T10:50:15+01:00\" class=\"wp-block-latest-posts__post-date\">28\/03\/2026<\/time><div class=\"wp-block-latest-posts__post-excerpt\">\u00c9pisode 1 On ne devient pas le 10\u00e8me groupe bancaire mondial sans vision, sans ex\u00e9cution de qualit\u00e9 dans la dur\u00e9e, et sans talents pour la mettre en \u0153uvre. De ce point de vue, le Cr\u00e9dit Agricole est une r\u00e9ussite incontestable. Mais il est un angle mort, persistant, difficilement d\u00e9fendable en 2026. Pourquoi le 10\u00e8me groupe\u2026 <a class=\"wp-block-latest-posts__read-more\" href=\"https:\/\/www.andp-cci.org\/index.php\/2026\/03\/28\/le-credit-agricole-devrait-tourner-la-page\/\" rel=\"noopener noreferrer\">Lire la suite<span class=\"screen-reader-text\">\u00a0: Le Cr\u00e9dit Agricole devrait tourner la page [ep1]<\/span><\/a><\/div><\/li>\n<\/ul>","protected":false},"excerpt":{"rendered":"<p>Chaque semaine, le samedi matin \u00e0 10h Pascal Quiry poste sur sa page LinkedIn des billets qui exposent les raisons de l\u2019anachronisme, de l\u2019injustice et de l\u2019inefficacit\u00e9 des certificats coop\u00e9ratifs des Caisses r\u00e9gionales du Cr\u00e9dit Agricole et les voies d\u2019y rem\u00e9dier.<\/p>\n","protected":false},"author":1,"featured_media":0,"parent":0,"menu_order":0,"comment_status":"closed","ping_status":"closed","template":"templates\/template-full-width.php","meta":{"footnotes":""},"class_list":["post-139","page","type-page","status-publish","hentry"],"yoast_head":"<!-- This site is optimized with the Yoast SEO plugin v27.4 - https:\/\/yoast.com\/product\/yoast-seo-wordpress\/ -->\n<title>Billets LinkedIn de Pascal Quiry - Site de l\u2019Association Nationale de D\u00e9fense des Porteurs de CCI du Cr\u00e9dit Agricole (ANDP-CCI)<\/title>\n<meta name=\"robots\" content=\"index, follow, max-snippet:-1, max-image-preview:large, max-video-preview:-1\" \/>\n<link rel=\"canonical\" href=\"https:\/\/www.andp-cci.org\/index.php\/billets-linkedin-de-pascal-quiry\/\" \/>\n<meta property=\"og:locale\" content=\"fr_FR\" \/>\n<meta property=\"og:type\" content=\"article\" \/>\n<meta property=\"og:title\" content=\"Billets LinkedIn de Pascal Quiry - Site de l\u2019Association Nationale de D\u00e9fense des Porteurs de CCI du Cr\u00e9dit Agricole (ANDP-CCI)\" \/>\n<meta property=\"og:description\" content=\"Chaque semaine, le samedi matin \u00e0 10h Pascal Quiry poste sur sa page LinkedIn des billets qui exposent les raisons de l\u2019anachronisme, de l\u2019injustice et de l\u2019inefficacit\u00e9 des certificats coop\u00e9ratifs des Caisses r\u00e9gionales du Cr\u00e9dit Agricole et les voies d\u2019y rem\u00e9dier.\" \/>\n<meta property=\"og:url\" content=\"https:\/\/www.andp-cci.org\/index.php\/billets-linkedin-de-pascal-quiry\/\" \/>\n<meta property=\"og:site_name\" content=\"Site de l\u2019Association Nationale de D\u00e9fense des Porteurs de CCI du Cr\u00e9dit Agricole (ANDP-CCI)\" \/>\n<meta property=\"article:modified_time\" content=\"2026-03-28T18:35:36+00:00\" \/>\n<meta name=\"twitter:card\" content=\"summary_large_image\" \/>\n<meta name=\"twitter:label1\" content=\"Dur\u00e9e de lecture estim\u00e9e\" \/>\n\t<meta name=\"twitter:data1\" content=\"1 minute\" \/>\n<script type=\"application\/ld+json\" class=\"yoast-schema-graph\">{\"@context\":\"https:\\\/\\\/schema.org\",\"@graph\":[{\"@type\":\"WebPage\",\"@id\":\"https:\\\/\\\/www.andp-cci.org\\\/index.php\\\/billets-linkedin-de-pascal-quiry\\\/\",\"url\":\"https:\\\/\\\/www.andp-cci.org\\\/index.php\\\/billets-linkedin-de-pascal-quiry\\\/\",\"name\":\"Billets LinkedIn de Pascal Quiry - Site de l\u2019Association Nationale de D\u00e9fense des Porteurs de CCI du Cr\u00e9dit Agricole (ANDP-CCI)\",\"isPartOf\":{\"@id\":\"https:\\\/\\\/www.andp-cci.org\\\/#website\"},\"datePublished\":\"2026-03-14T14:39:45+00:00\",\"dateModified\":\"2026-03-28T18:35:36+00:00\",\"breadcrumb\":{\"@id\":\"https:\\\/\\\/www.andp-cci.org\\\/index.php\\\/billets-linkedin-de-pascal-quiry\\\/#breadcrumb\"},\"inLanguage\":\"fr-FR\",\"potentialAction\":[{\"@type\":\"ReadAction\",\"target\":[\"https:\\\/\\\/www.andp-cci.org\\\/index.php\\\/billets-linkedin-de-pascal-quiry\\\/\"]}]},{\"@type\":\"BreadcrumbList\",\"@id\":\"https:\\\/\\\/www.andp-cci.org\\\/index.php\\\/billets-linkedin-de-pascal-quiry\\\/#breadcrumb\",\"itemListElement\":[{\"@type\":\"ListItem\",\"position\":1,\"name\":\"Accueil\",\"item\":\"https:\\\/\\\/www.andp-cci.org\\\/\"},{\"@type\":\"ListItem\",\"position\":2,\"name\":\"Billets LinkedIn de Pascal Quiry\"}]},{\"@type\":\"WebSite\",\"@id\":\"https:\\\/\\\/www.andp-cci.org\\\/#website\",\"url\":\"https:\\\/\\\/www.andp-cci.org\\\/\",\"name\":\"Site de l\u2019Association Nationale de D\u00e9fense des Porteurs de CCI du Cr\u00e9dit Agricole (ANDP-CCI)\",\"description\":\"\",\"potentialAction\":[{\"@type\":\"SearchAction\",\"target\":{\"@type\":\"EntryPoint\",\"urlTemplate\":\"https:\\\/\\\/www.andp-cci.org\\\/?s={search_term_string}\"},\"query-input\":{\"@type\":\"PropertyValueSpecification\",\"valueRequired\":true,\"valueName\":\"search_term_string\"}}],\"inLanguage\":\"fr-FR\"}]}<\/script>\n<!-- \/ Yoast SEO plugin. -->","yoast_head_json":{"title":"Billets LinkedIn de Pascal Quiry - Site de l\u2019Association Nationale de D\u00e9fense des Porteurs de CCI du Cr\u00e9dit Agricole (ANDP-CCI)","robots":{"index":"index","follow":"follow","max-snippet":"max-snippet:-1","max-image-preview":"max-image-preview:large","max-video-preview":"max-video-preview:-1"},"canonical":"https:\/\/www.andp-cci.org\/index.php\/billets-linkedin-de-pascal-quiry\/","og_locale":"fr_FR","og_type":"article","og_title":"Billets LinkedIn de Pascal Quiry - Site de l\u2019Association Nationale de D\u00e9fense des Porteurs de CCI du Cr\u00e9dit Agricole (ANDP-CCI)","og_description":"Chaque semaine, le samedi matin \u00e0 10h Pascal Quiry poste sur sa page LinkedIn des billets qui exposent les raisons de l\u2019anachronisme, de l\u2019injustice et de l\u2019inefficacit\u00e9 des certificats coop\u00e9ratifs des Caisses r\u00e9gionales du Cr\u00e9dit Agricole et les voies d\u2019y rem\u00e9dier.","og_url":"https:\/\/www.andp-cci.org\/index.php\/billets-linkedin-de-pascal-quiry\/","og_site_name":"Site de l\u2019Association Nationale de D\u00e9fense des Porteurs de CCI du Cr\u00e9dit Agricole (ANDP-CCI)","article_modified_time":"2026-03-28T18:35:36+00:00","twitter_card":"summary_large_image","twitter_misc":{"Dur\u00e9e de lecture estim\u00e9e":"1 minute"},"schema":{"@context":"https:\/\/schema.org","@graph":[{"@type":"WebPage","@id":"https:\/\/www.andp-cci.org\/index.php\/billets-linkedin-de-pascal-quiry\/","url":"https:\/\/www.andp-cci.org\/index.php\/billets-linkedin-de-pascal-quiry\/","name":"Billets LinkedIn de Pascal Quiry - Site de l\u2019Association Nationale de D\u00e9fense des Porteurs de CCI du Cr\u00e9dit Agricole (ANDP-CCI)","isPartOf":{"@id":"https:\/\/www.andp-cci.org\/#website"},"datePublished":"2026-03-14T14:39:45+00:00","dateModified":"2026-03-28T18:35:36+00:00","breadcrumb":{"@id":"https:\/\/www.andp-cci.org\/index.php\/billets-linkedin-de-pascal-quiry\/#breadcrumb"},"inLanguage":"fr-FR","potentialAction":[{"@type":"ReadAction","target":["https:\/\/www.andp-cci.org\/index.php\/billets-linkedin-de-pascal-quiry\/"]}]},{"@type":"BreadcrumbList","@id":"https:\/\/www.andp-cci.org\/index.php\/billets-linkedin-de-pascal-quiry\/#breadcrumb","itemListElement":[{"@type":"ListItem","position":1,"name":"Accueil","item":"https:\/\/www.andp-cci.org\/"},{"@type":"ListItem","position":2,"name":"Billets LinkedIn de Pascal Quiry"}]},{"@type":"WebSite","@id":"https:\/\/www.andp-cci.org\/#website","url":"https:\/\/www.andp-cci.org\/","name":"Site de l\u2019Association Nationale de D\u00e9fense des Porteurs de CCI du Cr\u00e9dit Agricole (ANDP-CCI)","description":"","potentialAction":[{"@type":"SearchAction","target":{"@type":"EntryPoint","urlTemplate":"https:\/\/www.andp-cci.org\/?s={search_term_string}"},"query-input":{"@type":"PropertyValueSpecification","valueRequired":true,"valueName":"search_term_string"}}],"inLanguage":"fr-FR"}]}},"_links":{"self":[{"href":"https:\/\/www.andp-cci.org\/index.php\/wp-json\/wp\/v2\/pages\/139","targetHints":{"allow":["GET"]}}],"collection":[{"href":"https:\/\/www.andp-cci.org\/index.php\/wp-json\/wp\/v2\/pages"}],"about":[{"href":"https:\/\/www.andp-cci.org\/index.php\/wp-json\/wp\/v2\/types\/page"}],"author":[{"embeddable":true,"href":"https:\/\/www.andp-cci.org\/index.php\/wp-json\/wp\/v2\/users\/1"}],"replies":[{"embeddable":true,"href":"https:\/\/www.andp-cci.org\/index.php\/wp-json\/wp\/v2\/comments?post=139"}],"version-history":[{"count":9,"href":"https:\/\/www.andp-cci.org\/index.php\/wp-json\/wp\/v2\/pages\/139\/revisions"}],"predecessor-version":[{"id":342,"href":"https:\/\/www.andp-cci.org\/index.php\/wp-json\/wp\/v2\/pages\/139\/revisions\/342"}],"wp:attachment":[{"href":"https:\/\/www.andp-cci.org\/index.php\/wp-json\/wp\/v2\/media?parent=139"}],"curies":[{"name":"wp","href":"https:\/\/api.w.org\/{rel}","templated":true}]}}