{"id":141,"date":"2026-03-14T15:40:32","date_gmt":"2026-03-14T14:40:32","guid":{"rendered":"https:\/\/www.andp-cci.org\/?page_id=141"},"modified":"2026-03-14T16:10:05","modified_gmt":"2026-03-14T15:10:05","slug":"caisses-regionales-cotees","status":"publish","type":"page","link":"https:\/\/www.andp-cci.org\/index.php\/caisses-regionales-cotees\/","title":{"rendered":"Caisses r\u00e9gionales cot\u00e9es"},"content":{"rendered":"\n<p>Sont ici reproduit, Caisse r\u00e9gionale par Caisse r\u00e9gionale, l&rsquo;int\u00e9gralit\u00e9 des courriers et analyses transmis par Pascal Quiry \u00e0 l\u2019appui de ses demandes de RDV au DG des Caisse r\u00e9gionales et leurs r\u00e9ponses<\/p>\n\n\n\n<ul class=\"wp-block-list\">\n<li><a href=\"https:\/\/www.andp-cci.org\/index.php\/caisses-regionales-cotees\/alpes-provence-crap\/\">Alpes Provence (CRAP)<\/a><\/li>\n\n\n\n<li><a href=\"https:\/\/www.andp-cci.org\/index.php\/caisses-regionales-cotees\/atlantique-vendee-crav\/\">Atlantique Vend\u00e9e (CRAV)<\/a><\/li>\n\n\n\n<li><a href=\"https:\/\/www.andp-cci.org\/index.php\/caisses-regionales-cotees\/brie-picardie-crbp2\/\">Brie Picardie (CRBP2)<\/a><\/li>\n\n\n\n<li><a href=\"https:\/\/www.andp-cci.org\/index.php\/caisses-regionales-cotees\/ile-de-france-caf\/\">Ile de France (CAF)<\/a><\/li>\n\n\n\n<li><a href=\"https:\/\/www.andp-cci.org\/index.php\/caisses-regionales-cotees\/ille-et-vilaine-civ\/\">Ille-et-Vilaine (CIV)<\/a><\/li>\n\n\n\n<li><a href=\"https:\/\/www.andp-cci.org\/index.php\/caisses-regionales-cotees\/indre-et-loire-crto\/\">Indre-et-Loire (CRTO)<\/a><\/li>\n\n\n\n<li><a href=\"https:\/\/www.andp-cci.org\/index.php\/caisses-regionales-cotees\/isere-crsu\/\">Is\u00e8re (CRSU)<\/a><\/li>\n\n\n\n<li><a href=\"https:\/\/www.andp-cci.org\/index.php\/caisses-regionales-cotees\/languedoc-crla\/\">Languedoc (CRLA)<\/a><\/li>\n\n\n\n<li><a href=\"https:\/\/www.andp-cci.org\/index.php\/caisses-regionales-cotees\/loire-haute-loire-crlo\/\">Loire Haute Loire (CRLO)<\/a><\/li>\n\n\n\n<li><a href=\"https:\/\/www.andp-cci.org\/index.php\/caisses-regionales-cotees\/morbihan-cmo\/\">Morbihan (CMO)<\/a><\/li>\n\n\n\n<li><a href=\"https:\/\/www.andp-cci.org\/index.php\/caisses-regionales-cotees\/nord-de-france-cndf\/\">Nord de France (CNDF)<\/a><\/li>\n\n\n\n<li><a href=\"https:\/\/www.andp-cci.org\/index.php\/caisses-regionales-cotees\/normandie-seine-ccn\/\">Normandie Seine (CCN)<\/a><\/li>\n\n\n\n<li><a href=\"https:\/\/www.andp-cci.org\/index.php\/caisses-regionales-cotees\/toulouse-31-cat31\/\">Toulouse 31 (CAT31)<\/a><\/li>\n<\/ul>\n","protected":false},"excerpt":{"rendered":"<p>Sont ici reproduit, Caisse r\u00e9gionale par Caisse r\u00e9gionale, l&rsquo;int\u00e9gralit\u00e9 des courriers et analyses transmis par Pascal Quiry \u00e0 l\u2019appui de ses demandes de RDV au DG des Caisse r\u00e9gionales et leurs r\u00e9ponses<\/p>\n","protected":false},"author":1,"featured_media":0,"parent":0,"menu_order":0,"comment_status":"closed","ping_status":"closed","template":"templates\/template-full-width.php","meta":{"footnotes":""},"class_list":["post-141","page","type-page","status-publish","hentry"],"yoast_head":"<!-- This site is optimized with the Yoast SEO plugin v27.4 - https:\/\/yoast.com\/product\/yoast-seo-wordpress\/ -->\n<title>Caisses r\u00e9gionales cot\u00e9es - Site de l\u2019Association Nationale de D\u00e9fense des Porteurs de CCI du Cr\u00e9dit Agricole (ANDP-CCI)<\/title>\n<meta name=\"robots\" content=\"index, follow, max-snippet:-1, max-image-preview:large, max-video-preview:-1\" \/>\n<link rel=\"canonical\" href=\"https:\/\/www.andp-cci.org\/index.php\/caisses-regionales-cotees\/\" \/>\n<meta property=\"og:locale\" content=\"fr_FR\" \/>\n<meta property=\"og:type\" content=\"article\" \/>\n<meta property=\"og:title\" content=\"Caisses r\u00e9gionales cot\u00e9es - Site de l\u2019Association Nationale de D\u00e9fense des Porteurs de CCI du Cr\u00e9dit Agricole (ANDP-CCI)\" \/>\n<meta property=\"og:description\" content=\"Sont ici reproduit, Caisse r\u00e9gionale par Caisse r\u00e9gionale, l&rsquo;int\u00e9gralit\u00e9 des courriers et analyses transmis par Pascal Quiry \u00e0 l\u2019appui de ses demandes de RDV au DG des Caisse r\u00e9gionales et leurs r\u00e9ponses\" \/>\n<meta property=\"og:url\" content=\"https:\/\/www.andp-cci.org\/index.php\/caisses-regionales-cotees\/\" \/>\n<meta property=\"og:site_name\" content=\"Site de l\u2019Association Nationale de D\u00e9fense des Porteurs de CCI du Cr\u00e9dit Agricole (ANDP-CCI)\" \/>\n<meta property=\"article:modified_time\" content=\"2026-03-14T15:10:05+00:00\" \/>\n<meta name=\"twitter:card\" content=\"summary_large_image\" \/>\n<meta name=\"twitter:label1\" content=\"Dur\u00e9e de lecture estim\u00e9e\" \/>\n\t<meta name=\"twitter:data1\" content=\"1 minute\" \/>\n<script type=\"application\/ld+json\" class=\"yoast-schema-graph\">{\"@context\":\"https:\\\/\\\/schema.org\",\"@graph\":[{\"@type\":\"WebPage\",\"@id\":\"https:\\\/\\\/www.andp-cci.org\\\/index.php\\\/caisses-regionales-cotees\\\/\",\"url\":\"https:\\\/\\\/www.andp-cci.org\\\/index.php\\\/caisses-regionales-cotees\\\/\",\"name\":\"Caisses r\u00e9gionales cot\u00e9es - Site de l\u2019Association Nationale de D\u00e9fense des Porteurs de CCI du Cr\u00e9dit Agricole (ANDP-CCI)\",\"isPartOf\":{\"@id\":\"https:\\\/\\\/www.andp-cci.org\\\/#website\"},\"datePublished\":\"2026-03-14T14:40:32+00:00\",\"dateModified\":\"2026-03-14T15:10:05+00:00\",\"breadcrumb\":{\"@id\":\"https:\\\/\\\/www.andp-cci.org\\\/index.php\\\/caisses-regionales-cotees\\\/#breadcrumb\"},\"inLanguage\":\"fr-FR\",\"potentialAction\":[{\"@type\":\"ReadAction\",\"target\":[\"https:\\\/\\\/www.andp-cci.org\\\/index.php\\\/caisses-regionales-cotees\\\/\"]}]},{\"@type\":\"BreadcrumbList\",\"@id\":\"https:\\\/\\\/www.andp-cci.org\\\/index.php\\\/caisses-regionales-cotees\\\/#breadcrumb\",\"itemListElement\":[{\"@type\":\"ListItem\",\"position\":1,\"name\":\"Accueil\",\"item\":\"https:\\\/\\\/www.andp-cci.org\\\/\"},{\"@type\":\"ListItem\",\"position\":2,\"name\":\"Caisses r\u00e9gionales cot\u00e9es\"}]},{\"@type\":\"WebSite\",\"@id\":\"https:\\\/\\\/www.andp-cci.org\\\/#website\",\"url\":\"https:\\\/\\\/www.andp-cci.org\\\/\",\"name\":\"Site de l\u2019Association Nationale de D\u00e9fense des Porteurs de CCI du Cr\u00e9dit Agricole (ANDP-CCI)\",\"description\":\"\",\"potentialAction\":[{\"@type\":\"SearchAction\",\"target\":{\"@type\":\"EntryPoint\",\"urlTemplate\":\"https:\\\/\\\/www.andp-cci.org\\\/?s={search_term_string}\"},\"query-input\":{\"@type\":\"PropertyValueSpecification\",\"valueRequired\":true,\"valueName\":\"search_term_string\"}}],\"inLanguage\":\"fr-FR\"}]}<\/script>\n<!-- \/ Yoast SEO plugin. -->","yoast_head_json":{"title":"Caisses r\u00e9gionales cot\u00e9es - Site de l\u2019Association Nationale de D\u00e9fense des Porteurs de CCI du Cr\u00e9dit Agricole (ANDP-CCI)","robots":{"index":"index","follow":"follow","max-snippet":"max-snippet:-1","max-image-preview":"max-image-preview:large","max-video-preview":"max-video-preview:-1"},"canonical":"https:\/\/www.andp-cci.org\/index.php\/caisses-regionales-cotees\/","og_locale":"fr_FR","og_type":"article","og_title":"Caisses r\u00e9gionales cot\u00e9es - Site de l\u2019Association Nationale de D\u00e9fense des Porteurs de CCI du Cr\u00e9dit Agricole (ANDP-CCI)","og_description":"Sont ici reproduit, Caisse r\u00e9gionale par Caisse r\u00e9gionale, l&rsquo;int\u00e9gralit\u00e9 des courriers et analyses transmis par Pascal Quiry \u00e0 l\u2019appui de ses demandes de RDV au DG des Caisse r\u00e9gionales et leurs r\u00e9ponses","og_url":"https:\/\/www.andp-cci.org\/index.php\/caisses-regionales-cotees\/","og_site_name":"Site de l\u2019Association Nationale de D\u00e9fense des Porteurs de CCI du Cr\u00e9dit Agricole (ANDP-CCI)","article_modified_time":"2026-03-14T15:10:05+00:00","twitter_card":"summary_large_image","twitter_misc":{"Dur\u00e9e de lecture estim\u00e9e":"1 minute"},"schema":{"@context":"https:\/\/schema.org","@graph":[{"@type":"WebPage","@id":"https:\/\/www.andp-cci.org\/index.php\/caisses-regionales-cotees\/","url":"https:\/\/www.andp-cci.org\/index.php\/caisses-regionales-cotees\/","name":"Caisses r\u00e9gionales cot\u00e9es - Site de l\u2019Association Nationale de D\u00e9fense des Porteurs de CCI du Cr\u00e9dit Agricole (ANDP-CCI)","isPartOf":{"@id":"https:\/\/www.andp-cci.org\/#website"},"datePublished":"2026-03-14T14:40:32+00:00","dateModified":"2026-03-14T15:10:05+00:00","breadcrumb":{"@id":"https:\/\/www.andp-cci.org\/index.php\/caisses-regionales-cotees\/#breadcrumb"},"inLanguage":"fr-FR","potentialAction":[{"@type":"ReadAction","target":["https:\/\/www.andp-cci.org\/index.php\/caisses-regionales-cotees\/"]}]},{"@type":"BreadcrumbList","@id":"https:\/\/www.andp-cci.org\/index.php\/caisses-regionales-cotees\/#breadcrumb","itemListElement":[{"@type":"ListItem","position":1,"name":"Accueil","item":"https:\/\/www.andp-cci.org\/"},{"@type":"ListItem","position":2,"name":"Caisses r\u00e9gionales cot\u00e9es"}]},{"@type":"WebSite","@id":"https:\/\/www.andp-cci.org\/#website","url":"https:\/\/www.andp-cci.org\/","name":"Site de l\u2019Association Nationale de D\u00e9fense des Porteurs de CCI du Cr\u00e9dit Agricole (ANDP-CCI)","description":"","potentialAction":[{"@type":"SearchAction","target":{"@type":"EntryPoint","urlTemplate":"https:\/\/www.andp-cci.org\/?s={search_term_string}"},"query-input":{"@type":"PropertyValueSpecification","valueRequired":true,"valueName":"search_term_string"}}],"inLanguage":"fr-FR"}]}},"_links":{"self":[{"href":"https:\/\/www.andp-cci.org\/index.php\/wp-json\/wp\/v2\/pages\/141","targetHints":{"allow":["GET"]}}],"collection":[{"href":"https:\/\/www.andp-cci.org\/index.php\/wp-json\/wp\/v2\/pages"}],"about":[{"href":"https:\/\/www.andp-cci.org\/index.php\/wp-json\/wp\/v2\/types\/page"}],"author":[{"embeddable":true,"href":"https:\/\/www.andp-cci.org\/index.php\/wp-json\/wp\/v2\/users\/1"}],"replies":[{"embeddable":true,"href":"https:\/\/www.andp-cci.org\/index.php\/wp-json\/wp\/v2\/comments?post=141"}],"version-history":[{"count":2,"href":"https:\/\/www.andp-cci.org\/index.php\/wp-json\/wp\/v2\/pages\/141\/revisions"}],"predecessor-version":[{"id":222,"href":"https:\/\/www.andp-cci.org\/index.php\/wp-json\/wp\/v2\/pages\/141\/revisions\/222"}],"wp:attachment":[{"href":"https:\/\/www.andp-cci.org\/index.php\/wp-json\/wp\/v2\/media?parent=141"}],"curies":[{"name":"wp","href":"https:\/\/api.w.org\/{rel}","templated":true}]}}