{"id":171,"date":"2026-03-14T15:49:43","date_gmt":"2026-03-14T14:49:43","guid":{"rendered":"https:\/\/www.andp-cci.org\/?page_id=171"},"modified":"2026-03-14T15:49:43","modified_gmt":"2026-03-14T14:49:43","slug":"principales-donnees-financieres","status":"publish","type":"page","link":"https:\/\/www.andp-cci.org\/index.php\/principales-donnees-financieres\/","title":{"rendered":"Principales donn\u00e9es financi\u00e8res"},"content":{"rendered":"\n<p>Vous trouverez ici des tableaux de donn\u00e9es remontant loin en arri\u00e8re pour chaque Caisse r\u00e9gionale du Cr\u00e9dit Agricole cot\u00e9es en Bourse<\/p>\n\n\n\n<p>D\u00e9cote du cours par rapport aux capitaux propres consolid\u00e9s<\/p>\n\n\n\n<p>Rentabilit\u00e9 des capitaux propres consolid\u00e9s<\/p>\n\n\n\n<p>Classement des banques europ\u00e9ennes cot\u00e9es par leur rentabilit\u00e9 des capitaux propres<\/p>\n\n\n\n<p>Classement des banques europ\u00e9ennes cot\u00e9es par leur PBR, ratio de la capitalisation boursi\u00e8re sur les capitaux propres comptables apport\u00e9s par les actionnaires ou laiss\u00e9s \u00e0 disposition<\/p>\n\n\n\n<p><em>Les tableaux sont \u00e0 venir<\/em><\/p>\n","protected":false},"excerpt":{"rendered":"<p>Vous trouverez ici des tableaux de donn\u00e9es remontant loin en arri\u00e8re pour chaque Caisse r\u00e9gionale du Cr\u00e9dit Agricole cot\u00e9es en Bourse D\u00e9cote du cours par rapport aux capitaux propres consolid\u00e9s Rentabilit\u00e9 des capitaux propres consolid\u00e9s Classement des banques europ\u00e9ennes cot\u00e9es par leur rentabilit\u00e9 des capitaux propres Classement des banques europ\u00e9ennes cot\u00e9es par leur PBR, ratio [&hellip;]<\/p>\n","protected":false},"author":1,"featured_media":0,"parent":0,"menu_order":0,"comment_status":"closed","ping_status":"closed","template":"templates\/template-full-width.php","meta":{"footnotes":""},"class_list":["post-171","page","type-page","status-publish","hentry"],"yoast_head":"<!-- This site is optimized with the Yoast SEO plugin v27.4 - https:\/\/yoast.com\/product\/yoast-seo-wordpress\/ -->\n<title>Principales donn\u00e9es financi\u00e8res - Site de l\u2019Association Nationale de D\u00e9fense des Porteurs de CCI du Cr\u00e9dit Agricole (ANDP-CCI)<\/title>\n<meta name=\"robots\" content=\"index, follow, max-snippet:-1, max-image-preview:large, max-video-preview:-1\" \/>\n<link rel=\"canonical\" href=\"https:\/\/www.andp-cci.org\/index.php\/principales-donnees-financieres\/\" \/>\n<meta property=\"og:locale\" content=\"fr_FR\" \/>\n<meta property=\"og:type\" content=\"article\" \/>\n<meta property=\"og:title\" content=\"Principales donn\u00e9es financi\u00e8res - Site de l\u2019Association Nationale de D\u00e9fense des Porteurs de CCI du Cr\u00e9dit Agricole (ANDP-CCI)\" \/>\n<meta property=\"og:description\" content=\"Vous trouverez ici des tableaux de donn\u00e9es remontant loin en arri\u00e8re pour chaque Caisse r\u00e9gionale du Cr\u00e9dit Agricole cot\u00e9es en Bourse D\u00e9cote du cours par rapport aux capitaux propres consolid\u00e9s Rentabilit\u00e9 des capitaux propres consolid\u00e9s Classement des banques europ\u00e9ennes cot\u00e9es par leur rentabilit\u00e9 des capitaux propres Classement des banques europ\u00e9ennes cot\u00e9es par leur PBR, ratio [&hellip;]\" \/>\n<meta property=\"og:url\" content=\"https:\/\/www.andp-cci.org\/index.php\/principales-donnees-financieres\/\" \/>\n<meta property=\"og:site_name\" content=\"Site de l\u2019Association Nationale de D\u00e9fense des Porteurs de CCI du Cr\u00e9dit Agricole (ANDP-CCI)\" \/>\n<meta name=\"twitter:card\" content=\"summary_large_image\" \/>\n<meta name=\"twitter:label1\" content=\"Dur\u00e9e de lecture estim\u00e9e\" \/>\n\t<meta name=\"twitter:data1\" content=\"1 minute\" \/>\n<script type=\"application\/ld+json\" class=\"yoast-schema-graph\">{\"@context\":\"https:\\\/\\\/schema.org\",\"@graph\":[{\"@type\":\"WebPage\",\"@id\":\"https:\\\/\\\/www.andp-cci.org\\\/index.php\\\/principales-donnees-financieres\\\/\",\"url\":\"https:\\\/\\\/www.andp-cci.org\\\/index.php\\\/principales-donnees-financieres\\\/\",\"name\":\"Principales donn\u00e9es financi\u00e8res - Site de l\u2019Association Nationale de D\u00e9fense des Porteurs de CCI du Cr\u00e9dit Agricole (ANDP-CCI)\",\"isPartOf\":{\"@id\":\"https:\\\/\\\/www.andp-cci.org\\\/#website\"},\"datePublished\":\"2026-03-14T14:49:43+00:00\",\"breadcrumb\":{\"@id\":\"https:\\\/\\\/www.andp-cci.org\\\/index.php\\\/principales-donnees-financieres\\\/#breadcrumb\"},\"inLanguage\":\"fr-FR\",\"potentialAction\":[{\"@type\":\"ReadAction\",\"target\":[\"https:\\\/\\\/www.andp-cci.org\\\/index.php\\\/principales-donnees-financieres\\\/\"]}]},{\"@type\":\"BreadcrumbList\",\"@id\":\"https:\\\/\\\/www.andp-cci.org\\\/index.php\\\/principales-donnees-financieres\\\/#breadcrumb\",\"itemListElement\":[{\"@type\":\"ListItem\",\"position\":1,\"name\":\"Accueil\",\"item\":\"https:\\\/\\\/www.andp-cci.org\\\/\"},{\"@type\":\"ListItem\",\"position\":2,\"name\":\"Principales donn\u00e9es financi\u00e8res\"}]},{\"@type\":\"WebSite\",\"@id\":\"https:\\\/\\\/www.andp-cci.org\\\/#website\",\"url\":\"https:\\\/\\\/www.andp-cci.org\\\/\",\"name\":\"Site de l\u2019Association Nationale de D\u00e9fense des Porteurs de CCI du Cr\u00e9dit Agricole (ANDP-CCI)\",\"description\":\"\",\"potentialAction\":[{\"@type\":\"SearchAction\",\"target\":{\"@type\":\"EntryPoint\",\"urlTemplate\":\"https:\\\/\\\/www.andp-cci.org\\\/?s={search_term_string}\"},\"query-input\":{\"@type\":\"PropertyValueSpecification\",\"valueRequired\":true,\"valueName\":\"search_term_string\"}}],\"inLanguage\":\"fr-FR\"}]}<\/script>\n<!-- \/ Yoast SEO plugin. -->","yoast_head_json":{"title":"Principales donn\u00e9es financi\u00e8res - Site de l\u2019Association Nationale de D\u00e9fense des Porteurs de CCI du Cr\u00e9dit Agricole (ANDP-CCI)","robots":{"index":"index","follow":"follow","max-snippet":"max-snippet:-1","max-image-preview":"max-image-preview:large","max-video-preview":"max-video-preview:-1"},"canonical":"https:\/\/www.andp-cci.org\/index.php\/principales-donnees-financieres\/","og_locale":"fr_FR","og_type":"article","og_title":"Principales donn\u00e9es financi\u00e8res - Site de l\u2019Association Nationale de D\u00e9fense des Porteurs de CCI du Cr\u00e9dit Agricole (ANDP-CCI)","og_description":"Vous trouverez ici des tableaux de donn\u00e9es remontant loin en arri\u00e8re pour chaque Caisse r\u00e9gionale du Cr\u00e9dit Agricole cot\u00e9es en Bourse D\u00e9cote du cours par rapport aux capitaux propres consolid\u00e9s Rentabilit\u00e9 des capitaux propres consolid\u00e9s Classement des banques europ\u00e9ennes cot\u00e9es par leur rentabilit\u00e9 des capitaux propres Classement des banques europ\u00e9ennes cot\u00e9es par leur PBR, ratio [&hellip;]","og_url":"https:\/\/www.andp-cci.org\/index.php\/principales-donnees-financieres\/","og_site_name":"Site de l\u2019Association Nationale de D\u00e9fense des Porteurs de CCI du Cr\u00e9dit Agricole (ANDP-CCI)","twitter_card":"summary_large_image","twitter_misc":{"Dur\u00e9e de lecture estim\u00e9e":"1 minute"},"schema":{"@context":"https:\/\/schema.org","@graph":[{"@type":"WebPage","@id":"https:\/\/www.andp-cci.org\/index.php\/principales-donnees-financieres\/","url":"https:\/\/www.andp-cci.org\/index.php\/principales-donnees-financieres\/","name":"Principales donn\u00e9es financi\u00e8res - Site de l\u2019Association Nationale de D\u00e9fense des Porteurs de CCI du Cr\u00e9dit Agricole (ANDP-CCI)","isPartOf":{"@id":"https:\/\/www.andp-cci.org\/#website"},"datePublished":"2026-03-14T14:49:43+00:00","breadcrumb":{"@id":"https:\/\/www.andp-cci.org\/index.php\/principales-donnees-financieres\/#breadcrumb"},"inLanguage":"fr-FR","potentialAction":[{"@type":"ReadAction","target":["https:\/\/www.andp-cci.org\/index.php\/principales-donnees-financieres\/"]}]},{"@type":"BreadcrumbList","@id":"https:\/\/www.andp-cci.org\/index.php\/principales-donnees-financieres\/#breadcrumb","itemListElement":[{"@type":"ListItem","position":1,"name":"Accueil","item":"https:\/\/www.andp-cci.org\/"},{"@type":"ListItem","position":2,"name":"Principales donn\u00e9es financi\u00e8res"}]},{"@type":"WebSite","@id":"https:\/\/www.andp-cci.org\/#website","url":"https:\/\/www.andp-cci.org\/","name":"Site de l\u2019Association Nationale de D\u00e9fense des Porteurs de CCI du Cr\u00e9dit Agricole (ANDP-CCI)","description":"","potentialAction":[{"@type":"SearchAction","target":{"@type":"EntryPoint","urlTemplate":"https:\/\/www.andp-cci.org\/?s={search_term_string}"},"query-input":{"@type":"PropertyValueSpecification","valueRequired":true,"valueName":"search_term_string"}}],"inLanguage":"fr-FR"}]}},"_links":{"self":[{"href":"https:\/\/www.andp-cci.org\/index.php\/wp-json\/wp\/v2\/pages\/171","targetHints":{"allow":["GET"]}}],"collection":[{"href":"https:\/\/www.andp-cci.org\/index.php\/wp-json\/wp\/v2\/pages"}],"about":[{"href":"https:\/\/www.andp-cci.org\/index.php\/wp-json\/wp\/v2\/types\/page"}],"author":[{"embeddable":true,"href":"https:\/\/www.andp-cci.org\/index.php\/wp-json\/wp\/v2\/users\/1"}],"replies":[{"embeddable":true,"href":"https:\/\/www.andp-cci.org\/index.php\/wp-json\/wp\/v2\/comments?post=171"}],"version-history":[{"count":1,"href":"https:\/\/www.andp-cci.org\/index.php\/wp-json\/wp\/v2\/pages\/171\/revisions"}],"predecessor-version":[{"id":172,"href":"https:\/\/www.andp-cci.org\/index.php\/wp-json\/wp\/v2\/pages\/171\/revisions\/172"}],"wp:attachment":[{"href":"https:\/\/www.andp-cci.org\/index.php\/wp-json\/wp\/v2\/media?parent=171"}],"curies":[{"name":"wp","href":"https:\/\/api.w.org\/{rel}","templated":true}]}}