{"id":354,"date":"2026-04-22T17:01:34","date_gmt":"2026-04-22T16:01:34","guid":{"rendered":"https:\/\/www.andp-cci.org\/?page_id=354"},"modified":"2026-04-22T17:01:34","modified_gmt":"2026-04-22T16:01:34","slug":"lettre-aux-administrateurs","status":"publish","type":"page","link":"https:\/\/www.andp-cci.org\/index.php\/lettre-aux-administrateurs\/","title":{"rendered":"Lettre aux administrateurs"},"content":{"rendered":"\n<p>Dans son travail de p\u00e9dagogie, l\u2019ANDP-CCI adresse chaque mois \u00e0 chacun des 215 administrateurs des 13 Caisses r\u00e9gionales cot\u00e9es une lettre personnalis\u00e9e d\u00e9veloppant un point.<\/p>\n\n\n\n<p>Dans le premier num\u00e9ro que voici, nous sommes revenus sur l\u2019historique de la cr\u00e9ation et de la cotation des CCI il y a plus de 30 ans.<\/p>\n\n\n\n<div\n    class='wp-block-pdfp-pdf-poster  alignnone'\n    id='block-2'\n    data-attributes='{&quot;uniqueId&quot;:&quot;pdfp1&quot;,&quot;file&quot;:&quot;https:\\\/\\\/www.andp-cci.org\\\/wp-content\\\/uploads\\\/2026\\\/04\\\/Lettre-n\\u00b0-1-.pdf&quot;,&quot;title&quot;:&quot;Lettre aux administrateurs n\\u00b01&quot;,&quot;height&quot;:&quot;842px&quot;,&quot;width&quot;:&quot;100%&quot;,&quot;print&quot;:false,&quot;fullscreenButton&quot;:&quot;1&quot;,&quot;newWindow&quot;:false,&quot;showName&quot;:true,&quot;downloadButton&quot;:true,&quot;downloadButtonText&quot;:&quot;Download File&quot;,&quot;protect&quot;:false,&quot;onlyPDF&quot;:false,&quot;defaultBrowser&quot;:false,&quot;thumbMenu&quot;:false,&quot;initialPage&quot;:0,&quot;sidebarOpen&quot;:false,&quot;lastVersion&quot;:false,&quot;hrScroll&quot;:0,&quot;alert&quot;:true,&quot;btnStyles&quot;:{&quot;background&quot;:&quot;#1e73be&quot;,&quot;color&quot;:&quot;#fff&quot;,&quot;fontSize&quot;:&quot;1rem&quot;,&quot;padding&quot;:{&quot;top&quot;:10,&quot;right&quot;:20,&quot;bottom&quot;:10,&quot;left&quot;:10}},&quot;popupOptions&quot;:{&quot;enabled&quot;:0,&quot;text&quot;:&quot;Open PDF&quot;,&quot;triggerType&quot;:&quot;button&quot;,&quot;image&quot;:&quot;&quot;,&quot;imageHeight&quot;:&quot;200px&quot;,&quot;imageWidth&quot;:&quot;300px&quot;,&quot;imagePdfIcon&quot;:true,&quot;triggerAlignment&quot;:&quot;center&quot;,&quot;btnStyle&quot;:{&quot;background&quot;:&quot;#1e73be&quot;,&quot;color&quot;:&quot;#fff&quot;,&quot;fontSize&quot;:&quot;1rem&quot;,&quot;padding&quot;:{&quot;top&quot;:10,&quot;right&quot;:20,&quot;bottom&quot;:10,&quot;left&quot;:10}}},&quot;actionsPosition&quot;:&quot;top&quot;,&quot;socialShare&quot;:{&quot;enabled&quot;:false,&quot;facebook&quot;:true,&quot;twitter&quot;:true,&quot;linkedin&quot;:true,&quot;pinterest&quot;:true,&quot;position&quot;:&quot;top&quot;},&quot;adobeEmbedder&quot;:false,&quot;align&quot;:&quot;none&quot;,&quot;alignment&quot;:&quot;left&quot;,&quot;titleFontSize&quot;:&quot;16px&quot;,&quot;fullscreenButtonText&quot;:&quot;View Fullscreen&quot;,&quot;isHideRightToolbar&quot;:false,&quot;additional&quot;:{&quot;ID&quot;:&quot;&quot;,&quot;Class&quot;:&quot;&quot;,&quot;CSS&quot;:&quot;&quot;},&quot;adobeOptions&quot;:{&quot;showDownloadPDF&quot;:true,&quot;showPrintPDF&quot;:true,&quot;showAnnotationTools&quot;:true,&quot;showFullScreen&quot;:false,&quot;embedMode&quot;:&quot;SIZED_CONTAINER&quot;},&quot;popupBtnStyle&quot;:{&quot;background&quot;:&quot;#2271b1&quot;,&quot;color&quot;:&quot;#fff&quot;,&quot;padding&quot;:{&quot;top&quot;:10,&quot;right&quot;:20,&quot;bottom&quot;:10,&quot;left&quot;:10}},&quot;popupBtnText&quot;:&quot;Open Document&quot;,&quot;CSS&quot;:&quot;&quot;,&quot;isPremium&quot;:false}'\n    style=\"text-align: left\">\n    \n        <iframe loading=\"lazy\" title=\"Lettre aux administrateurs n\u00b01\" style=\"border:0;\" width=\"100%\" height=\"800px\" class=\"pdfp_unsupported_frame\" src=\"\/\/docs.google.com\/gview?embedded=true&url=https:\/\/www.andp-cci.org\/wp-content\/uploads\/2026\/04\/Lettre-n\u00b0-1-.pdf\"><\/iframe>\n\n    <\/div>\n\n\n\n\n<p>La lettre envoy\u00e9e en mai sera consacr\u00e9e aux avantages et aux inconv\u00e9nients de la cotation boursi\u00e8re. Elle sera mise en ligne ici quelques jours apr\u00e8s son envoi.<\/p>\n","protected":false},"excerpt":{"rendered":"<p>Dans son travail de p\u00e9dagogie, l\u2019ANDP-CCI adresse chaque mois \u00e0 chacun des 215 administrateurs des 13 Caisses r\u00e9gionales cot\u00e9es une lettre personnalis\u00e9e d\u00e9veloppant un point. Dans le premier num\u00e9ro que voici, nous sommes revenus sur l\u2019historique de la cr\u00e9ation et de la cotation des CCI il y a plus de 30 ans. La lettre envoy\u00e9e [&hellip;]<\/p>\n","protected":false},"author":1,"featured_media":0,"parent":0,"menu_order":0,"comment_status":"closed","ping_status":"closed","template":"templates\/template-full-width.php","meta":{"footnotes":""},"class_list":["post-354","page","type-page","status-publish","hentry"],"yoast_head":"<!-- This site is optimized with the Yoast SEO plugin v27.4 - https:\/\/yoast.com\/product\/yoast-seo-wordpress\/ -->\n<title>Lettre aux administrateurs - Site de l\u2019Association Nationale de D\u00e9fense des Porteurs de CCI du Cr\u00e9dit Agricole (ANDP-CCI)<\/title>\n<meta name=\"robots\" content=\"index, follow, max-snippet:-1, max-image-preview:large, max-video-preview:-1\" \/>\n<link rel=\"canonical\" href=\"https:\/\/www.andp-cci.org\/index.php\/lettre-aux-administrateurs\/\" \/>\n<meta property=\"og:locale\" content=\"fr_FR\" \/>\n<meta property=\"og:type\" content=\"article\" \/>\n<meta property=\"og:title\" content=\"Lettre aux administrateurs - Site de l\u2019Association Nationale de D\u00e9fense des Porteurs de CCI du Cr\u00e9dit Agricole (ANDP-CCI)\" \/>\n<meta property=\"og:description\" content=\"Dans son travail de p\u00e9dagogie, l\u2019ANDP-CCI adresse chaque mois \u00e0 chacun des 215 administrateurs des 13 Caisses r\u00e9gionales cot\u00e9es une lettre personnalis\u00e9e d\u00e9veloppant un point. Dans le premier num\u00e9ro que voici, nous sommes revenus sur l\u2019historique de la cr\u00e9ation et de la cotation des CCI il y a plus de 30 ans. La lettre envoy\u00e9e [&hellip;]\" \/>\n<meta property=\"og:url\" content=\"https:\/\/www.andp-cci.org\/index.php\/lettre-aux-administrateurs\/\" \/>\n<meta property=\"og:site_name\" content=\"Site de l\u2019Association Nationale de D\u00e9fense des Porteurs de CCI du Cr\u00e9dit Agricole (ANDP-CCI)\" \/>\n<meta name=\"twitter:card\" content=\"summary_large_image\" \/>\n<meta name=\"twitter:label1\" content=\"Dur\u00e9e de lecture estim\u00e9e\" \/>\n\t<meta name=\"twitter:data1\" content=\"1 minute\" \/>\n<script type=\"application\/ld+json\" class=\"yoast-schema-graph\">{\"@context\":\"https:\\\/\\\/schema.org\",\"@graph\":[{\"@type\":\"WebPage\",\"@id\":\"https:\\\/\\\/www.andp-cci.org\\\/index.php\\\/lettre-aux-administrateurs\\\/\",\"url\":\"https:\\\/\\\/www.andp-cci.org\\\/index.php\\\/lettre-aux-administrateurs\\\/\",\"name\":\"Lettre aux administrateurs - Site de l\u2019Association Nationale de D\u00e9fense des Porteurs de CCI du Cr\u00e9dit Agricole (ANDP-CCI)\",\"isPartOf\":{\"@id\":\"https:\\\/\\\/www.andp-cci.org\\\/#website\"},\"datePublished\":\"2026-04-22T16:01:34+00:00\",\"breadcrumb\":{\"@id\":\"https:\\\/\\\/www.andp-cci.org\\\/index.php\\\/lettre-aux-administrateurs\\\/#breadcrumb\"},\"inLanguage\":\"fr-FR\",\"potentialAction\":[{\"@type\":\"ReadAction\",\"target\":[\"https:\\\/\\\/www.andp-cci.org\\\/index.php\\\/lettre-aux-administrateurs\\\/\"]}]},{\"@type\":\"BreadcrumbList\",\"@id\":\"https:\\\/\\\/www.andp-cci.org\\\/index.php\\\/lettre-aux-administrateurs\\\/#breadcrumb\",\"itemListElement\":[{\"@type\":\"ListItem\",\"position\":1,\"name\":\"Accueil\",\"item\":\"https:\\\/\\\/www.andp-cci.org\\\/\"},{\"@type\":\"ListItem\",\"position\":2,\"name\":\"Lettre aux administrateurs\"}]},{\"@type\":\"WebSite\",\"@id\":\"https:\\\/\\\/www.andp-cci.org\\\/#website\",\"url\":\"https:\\\/\\\/www.andp-cci.org\\\/\",\"name\":\"Site de l\u2019Association Nationale de D\u00e9fense des Porteurs de CCI du Cr\u00e9dit Agricole (ANDP-CCI)\",\"description\":\"\",\"potentialAction\":[{\"@type\":\"SearchAction\",\"target\":{\"@type\":\"EntryPoint\",\"urlTemplate\":\"https:\\\/\\\/www.andp-cci.org\\\/?s={search_term_string}\"},\"query-input\":{\"@type\":\"PropertyValueSpecification\",\"valueRequired\":true,\"valueName\":\"search_term_string\"}}],\"inLanguage\":\"fr-FR\"}]}<\/script>\n<!-- \/ Yoast SEO plugin. -->","yoast_head_json":{"title":"Lettre aux administrateurs - Site de l\u2019Association Nationale de D\u00e9fense des Porteurs de CCI du Cr\u00e9dit Agricole (ANDP-CCI)","robots":{"index":"index","follow":"follow","max-snippet":"max-snippet:-1","max-image-preview":"max-image-preview:large","max-video-preview":"max-video-preview:-1"},"canonical":"https:\/\/www.andp-cci.org\/index.php\/lettre-aux-administrateurs\/","og_locale":"fr_FR","og_type":"article","og_title":"Lettre aux administrateurs - Site de l\u2019Association Nationale de D\u00e9fense des Porteurs de CCI du Cr\u00e9dit Agricole (ANDP-CCI)","og_description":"Dans son travail de p\u00e9dagogie, l\u2019ANDP-CCI adresse chaque mois \u00e0 chacun des 215 administrateurs des 13 Caisses r\u00e9gionales cot\u00e9es une lettre personnalis\u00e9e d\u00e9veloppant un point. Dans le premier num\u00e9ro que voici, nous sommes revenus sur l\u2019historique de la cr\u00e9ation et de la cotation des CCI il y a plus de 30 ans. La lettre envoy\u00e9e [&hellip;]","og_url":"https:\/\/www.andp-cci.org\/index.php\/lettre-aux-administrateurs\/","og_site_name":"Site de l\u2019Association Nationale de D\u00e9fense des Porteurs de CCI du Cr\u00e9dit Agricole (ANDP-CCI)","twitter_card":"summary_large_image","twitter_misc":{"Dur\u00e9e de lecture estim\u00e9e":"1 minute"},"schema":{"@context":"https:\/\/schema.org","@graph":[{"@type":"WebPage","@id":"https:\/\/www.andp-cci.org\/index.php\/lettre-aux-administrateurs\/","url":"https:\/\/www.andp-cci.org\/index.php\/lettre-aux-administrateurs\/","name":"Lettre aux administrateurs - Site de l\u2019Association Nationale de D\u00e9fense des Porteurs de CCI du Cr\u00e9dit Agricole (ANDP-CCI)","isPartOf":{"@id":"https:\/\/www.andp-cci.org\/#website"},"datePublished":"2026-04-22T16:01:34+00:00","breadcrumb":{"@id":"https:\/\/www.andp-cci.org\/index.php\/lettre-aux-administrateurs\/#breadcrumb"},"inLanguage":"fr-FR","potentialAction":[{"@type":"ReadAction","target":["https:\/\/www.andp-cci.org\/index.php\/lettre-aux-administrateurs\/"]}]},{"@type":"BreadcrumbList","@id":"https:\/\/www.andp-cci.org\/index.php\/lettre-aux-administrateurs\/#breadcrumb","itemListElement":[{"@type":"ListItem","position":1,"name":"Accueil","item":"https:\/\/www.andp-cci.org\/"},{"@type":"ListItem","position":2,"name":"Lettre aux administrateurs"}]},{"@type":"WebSite","@id":"https:\/\/www.andp-cci.org\/#website","url":"https:\/\/www.andp-cci.org\/","name":"Site de l\u2019Association Nationale de D\u00e9fense des Porteurs de CCI du Cr\u00e9dit Agricole (ANDP-CCI)","description":"","potentialAction":[{"@type":"SearchAction","target":{"@type":"EntryPoint","urlTemplate":"https:\/\/www.andp-cci.org\/?s={search_term_string}"},"query-input":{"@type":"PropertyValueSpecification","valueRequired":true,"valueName":"search_term_string"}}],"inLanguage":"fr-FR"}]}},"_links":{"self":[{"href":"https:\/\/www.andp-cci.org\/index.php\/wp-json\/wp\/v2\/pages\/354","targetHints":{"allow":["GET"]}}],"collection":[{"href":"https:\/\/www.andp-cci.org\/index.php\/wp-json\/wp\/v2\/pages"}],"about":[{"href":"https:\/\/www.andp-cci.org\/index.php\/wp-json\/wp\/v2\/types\/page"}],"author":[{"embeddable":true,"href":"https:\/\/www.andp-cci.org\/index.php\/wp-json\/wp\/v2\/users\/1"}],"replies":[{"embeddable":true,"href":"https:\/\/www.andp-cci.org\/index.php\/wp-json\/wp\/v2\/comments?post=354"}],"version-history":[{"count":1,"href":"https:\/\/www.andp-cci.org\/index.php\/wp-json\/wp\/v2\/pages\/354\/revisions"}],"predecessor-version":[{"id":357,"href":"https:\/\/www.andp-cci.org\/index.php\/wp-json\/wp\/v2\/pages\/354\/revisions\/357"}],"wp:attachment":[{"href":"https:\/\/www.andp-cci.org\/index.php\/wp-json\/wp\/v2\/media?parent=354"}],"curies":[{"name":"wp","href":"https:\/\/api.w.org\/{rel}","templated":true}]}}